{"id":1238,"date":"2021-11-25T02:11:28","date_gmt":"2021-11-25T02:11:28","guid":{"rendered":"http:\/\/mau1.maudep.com.vn\/ath\/?post_type=product&#038;p=1238"},"modified":"2021-11-25T02:38:36","modified_gmt":"2021-11-25T02:38:36","slug":"lam-chan-nang-hinh-thoi-nhom-duc","status":"publish","type":"product","link":"http:\/\/mau1.maudep.com.vn\/ath\/?product=lam-chan-nang-hinh-thoi-nhom-duc","title":{"rendered":"Lam ch\u1eafn n\u1eafng h\u00ecnh thoi nh\u00f4m \u0111\u1ee9c"},"content":{"rendered":"<h3><strong>Lam ch\u1eafn n\u1eafng h\u00ecnh thoi\u00a0 \u2013 Nh\u00f4m \u0110\u1ee9c.<\/strong><\/h3>\n<h3><strong>V\u1eadt li\u1ec7u:<\/strong><\/h3>\n<p>C\u1ea5u t\u1ea1o t\u1eeb nh\u1eefng thanh nh\u00f4m r\u1ed7ng h\u00ecnh thoi nh\u1eb9, \u0111\u00fac t\u1eeb h\u1ee3p kim nh\u00f4m ( Thanh profile Nh\u00f4m ) si\u00eau b\u1ec1n, ch\u1ed1ng \u0103n m\u00f2n cao.<\/p>\n<p>B\u1ec1 m\u1eb7t s\u01a1n \u0111i\u1ec7n ph\u00e2n an\u1ed1t ho\u1eb7c ph\u1ee7 s\u01a1n PVDF \u00a0ngo\u00e0i tr\u1eddi c\u00f3 \u0111\u1ed9 b\u1ec1n cao.<\/p>\n<p>Chi\u1ec1u d\u00e0y trung b\u00ecnh thanh profile +\/-1.50mm<\/p>\n<p>Kh\u1ea3 n\u0103ng v\u01b0\u1ee3t nh\u1ecbp l\u1edbn t\u1edbi 6m.<\/p>\n<p><img loading=\"lazy\" class=\"size-medium wp-image-1239 aligncenter\" src=\"http:\/\/mau1.maudep.com.vn\/ath\/wp-content\/uploads\/2021\/11\/louvers14_DB-600x400.jpg\" alt=\"\" width=\"600\" height=\"400\" srcset=\"http:\/\/mau1.maudep.com.vn\/ath\/wp-content\/uploads\/2021\/11\/louvers14_DB-600x400.jpg 600w, http:\/\/mau1.maudep.com.vn\/ath\/wp-content\/uploads\/2021\/11\/louvers14_DB-768x512.jpg 768w, http:\/\/mau1.maudep.com.vn\/ath\/wp-content\/uploads\/2021\/11\/louvers14_DB.jpg 800w\" sizes=\"(max-width: 600px) 100vw, 600px\" \/><\/p>\n<h3><strong>\u0110\u1eb7c \u0111i\u1ec3m:<\/strong><\/h3>\n<p>Thanh m\u1ea3nh mang t\u00ednh m\u1ef9 thu\u1eadt cao, c\u00f3 t\u00ednh tho\u00e1ng gi\u00f3 cao.<\/p>\n<p>L\u1eafp c\u1ed1 \u0111\u1ecbnh ho\u1eb7c c\u00f3 th\u1ec3 thay \u0111\u1ed5i g\u00f3c nghi\u00ean theo h\u01b0\u1edbng ch\u1eafn n\u1eafng.<\/p>\n<p>M\u00e0u s\u1eafc c\u00f3 m\u00e0u nghi, m\u00e0u tr\u1eafng ho\u1ea1c theo \u00fd c\u1ee7a kh\u00e1c h\u00e0ng \u0111\u1ec3 c\u00f3 th\u1ec3 h\u00e0i h\u00f2a v\u1edbi t\u1ed5ng th\u1ec3 ki\u1ebfn tr\u00fac c\u1ee7a c\u00f4ng tr\u00ecnh.<\/p>\n<p>Gi\u1ea3m ti\u1ebfng \u1ed3n, \u0111\u1ed9 ch\u00f3i s\u00e1ng.<\/p>\n<p>L\u01b0u th\u00f4ng kh\u00f4ng kh\u00ed, gi\u00f3 v\u00e0 \u00e1nh s\u00e1ng cho c\u00f4ng tr\u00ecnh.<\/p>\n<h3><strong>C\u00e1c \u1ee9ng d\u1ee5ng:<\/strong><\/h3>\n<p>H\u1ec7 m\u1eb7t d\u1ef1ng, di\u1ec7n m\u00e1i c\u1ee7a c\u00e1c t\u00f2a nh\u00e0, m\u00e1i s\u1ea3nh\u2026<\/p>\n<p>Th\u00edch h\u1ee3p v\u1edbi c\u00e1c c\u00f4ng tr\u00ecnh d\u00e2n d\u1ee5ng, cao t\u1ea7ng..<\/p>\n<h3><strong>M\u1eb7t c\u1eaft lam ch\u1eafn n\u1eafng h\u00ecnh thoi.<\/strong><\/h3>\n<table style=\"border-collapse: collapse; width: 100%;\">\n<tbody>\n<tr>\n<td style=\"width: 50%;\"><img loading=\"lazy\" class=\"alignnone size-full wp-image-1240\" src=\"http:\/\/mau1.maudep.com.vn\/ath\/wp-content\/uploads\/2021\/11\/5ff.jpg\" alt=\"\" width=\"800\" height=\"400\" srcset=\"http:\/\/mau1.maudep.com.vn\/ath\/wp-content\/uploads\/2021\/11\/5ff.jpg 800w, http:\/\/mau1.maudep.com.vn\/ath\/wp-content\/uploads\/2021\/11\/5ff-768x384.jpg 768w, http:\/\/mau1.maudep.com.vn\/ath\/wp-content\/uploads\/2021\/11\/5ff-600x300.jpg 600w\" sizes=\"(max-width: 800px) 100vw, 800px\" \/><\/td>\n<td style=\"width: 50%;\"><img loading=\"lazy\" class=\"alignnone size-medium wp-image-1241\" src=\"http:\/\/mau1.maudep.com.vn\/ath\/wp-content\/uploads\/2021\/11\/6-2-800x400.jpg\" alt=\"\" width=\"800\" height=\"400\" srcset=\"http:\/\/mau1.maudep.com.vn\/ath\/wp-content\/uploads\/2021\/11\/6-2-800x400.jpg 800w, http:\/\/mau1.maudep.com.vn\/ath\/wp-content\/uploads\/2021\/11\/6-2-768x383.jpg 768w, http:\/\/mau1.maudep.com.vn\/ath\/wp-content\/uploads\/2021\/11\/6-2-1400x698.jpg 1400w, http:\/\/mau1.maudep.com.vn\/ath\/wp-content\/uploads\/2021\/11\/6-2-600x299.jpg 600w, http:\/\/mau1.maudep.com.vn\/ath\/wp-content\/uploads\/2021\/11\/6-2.jpg 1600w\" sizes=\"(max-width: 800px) 100vw, 800px\" \/><\/td>\n<\/tr>\n<\/tbody>\n<\/table>\n<table style=\"border-collapse: collapse; width: 100%;\">\n<tbody>\n<tr>\n<td style=\"width: 50%;\"><img loading=\"lazy\" class=\"alignnone wp-image-1242\" src=\"http:\/\/mau1.maudep.com.vn\/ath\/wp-content\/uploads\/2021\/11\/1-1-611x400.jpg\" alt=\"\" width=\"547\" height=\"358\" srcset=\"http:\/\/mau1.maudep.com.vn\/ath\/wp-content\/uploads\/2021\/11\/1-1-611x400.jpg 611w, http:\/\/mau1.maudep.com.vn\/ath\/wp-content\/uploads\/2021\/11\/1-1-768x503.jpg 768w, http:\/\/mau1.maudep.com.vn\/ath\/wp-content\/uploads\/2021\/11\/1-1-600x393.jpg 600w, http:\/\/mau1.maudep.com.vn\/ath\/wp-content\/uploads\/2021\/11\/1-1.jpg 800w\" sizes=\"(max-width: 547px) 100vw, 547px\" \/><\/td>\n<td style=\"width: 50%;\"><img loading=\"lazy\" class=\"alignnone size-medium wp-image-1243\" src=\"http:\/\/mau1.maudep.com.vn\/ath\/wp-content\/uploads\/2021\/11\/2-544x400.jpg\" alt=\"\" width=\"544\" height=\"400\" srcset=\"http:\/\/mau1.maudep.com.vn\/ath\/wp-content\/uploads\/2021\/11\/2-544x400.jpg 544w, http:\/\/mau1.maudep.com.vn\/ath\/wp-content\/uploads\/2021\/11\/2-768x564.jpg 768w, http:\/\/mau1.maudep.com.vn\/ath\/wp-content\/uploads\/2021\/11\/2-600x441.jpg 600w, http:\/\/mau1.maudep.com.vn\/ath\/wp-content\/uploads\/2021\/11\/2.jpg 800w\" sizes=\"(max-width: 544px) 100vw, 544px\" \/><\/td>\n<\/tr>\n<\/tbody>\n<\/table>\n<p>Qu\u00fd kh\u00e1ch c\u00f3 nhu c\u1ea7u v\u1ec1 h\u1ec7 lam ch\u1eafn n\u1eafng, c\u1eeda nh\u00f4m k\u00ednh, h\u1ec7 v\u00e1ch d\u1ef1ng, lan can k\u00ednh, v\u00e1ch k\u00ednh c\u00f3 th\u1ec3 li\u00ean h\u1ec7 v\u1edbi c\u00e1c chuy\u00ean gia nh\u00f4m k\u00ednh c\u1ee7a\u00a0<strong> C\u00d4NG TY TNHH TH\u01af\u01a0NG M\u1ea0I V\u00c0 QU\u1ed0C T\u1ebe ATH\u00a0\u00a0<\/strong>\u0111\u1ec3 \u0111\u01b0\u1ee3c c\u00e1c chuy\u00ean gia t\u01b0 v\u1ea5n mi\u1ec5n ph\u00ed.<\/p>\n<p><strong>Hotline : 0968032422 \u00a0\u2013 0982164688 \u00a0Mr. Ninh<\/strong><\/p>\n<p>R\u1ea5t h\u00e2n h\u1ea1nh\u00a0\u0111\u01b0\u1ee3c ph\u1ee5c v\u1ee5 qu\u00fd kh\u00e1ch!<\/p>\n","protected":false},"excerpt":{"rendered":"<p>Thanh m\u1ea3nh mang t\u00ednh m\u1ef9 thu\u1eadt cao, c\u00f3 t\u00ednh tho\u00e1ng gi\u00f3 cao.<\/p>\n<p>L\u1eafp c\u1ed1 \u0111\u1ecbnh ho\u1eb7c c\u00f3 th\u1ec3 thay \u0111\u1ed5i g\u00f3c nghi\u00ean theo h\u01b0\u1edbng ch\u1eafn n\u1eafng.<\/p>\n<p>M\u00e0u s\u1eafc c\u00f3 m\u00e0u nghi, m\u00e0u tr\u1eafng ho\u1ea1c theo \u00fd c\u1ee7a kh\u00e1c h\u00e0ng \u0111\u1ec3 c\u00f3 th\u1ec3 h\u00e0i h\u00f2a v\u1edbi t\u1ed5ng th\u1ec3 ki\u1ebfn tr\u00fac c\u1ee7a c\u00f4ng tr\u00ecnh.<\/p>\n<p>Gi\u1ea3m ti\u1ebfng \u1ed3n, \u0111\u1ed9 ch\u00f3i s\u00e1ng.<\/p>\n<p>L\u01b0u th\u00f4ng kh\u00f4ng kh\u00ed, gi\u00f3 v\u00e0 \u00e1nh s\u00e1ng cho c\u00f4ng tr\u00ecnh.<\/p>\n","protected":false},"featured_media":1243,"comment_status":"open","ping_status":"closed","template":"","meta":[],"product_cat":[15,137,129],"product_tag":[134,136,135,133],"_links":{"self":[{"href":"http:\/\/mau1.maudep.com.vn\/ath\/index.php?rest_route=\/wp\/v2\/product\/1238"}],"collection":[{"href":"http:\/\/mau1.maudep.com.vn\/ath\/index.php?rest_route=\/wp\/v2\/product"}],"about":[{"href":"http:\/\/mau1.maudep.com.vn\/ath\/index.php?rest_route=\/wp\/v2\/types\/product"}],"replies":[{"embeddable":true,"href":"http:\/\/mau1.maudep.com.vn\/ath\/index.php?rest_route=%2Fwp%2Fv2%2Fcomments&post=1238"}],"wp:featuredmedia":[{"embeddable":true,"href":"http:\/\/mau1.maudep.com.vn\/ath\/index.php?rest_route=\/wp\/v2\/media\/1243"}],"wp:attachment":[{"href":"http:\/\/mau1.maudep.com.vn\/ath\/index.php?rest_route=%2Fwp%2Fv2%2Fmedia&parent=1238"}],"wp:term":[{"taxonomy":"product_cat","embeddable":true,"href":"http:\/\/mau1.maudep.com.vn\/ath\/index.php?rest_route=%2Fwp%2Fv2%2Fproduct_cat&post=1238"},{"taxonomy":"product_tag","embeddable":true,"href":"http:\/\/mau1.maudep.com.vn\/ath\/index.php?rest_route=%2Fwp%2Fv2%2Fproduct_tag&post=1238"}],"curies":[{"name":"wp","href":"https:\/\/api.w.org\/{rel}","templated":true}]}}